{"id":58,"date":"2024-10-28T14:08:24","date_gmt":"2024-10-28T14:08:24","guid":{"rendered":"https:\/\/almigmedia.ellen.hostkraft.de\/?page_id=58"},"modified":"2024-12-17T11:33:10","modified_gmt":"2024-12-17T11:33:10","slug":"unternehmen","status":"publish","type":"page","link":"https:\/\/almigmedia.ellen.hostkraft.de\/index.php\/unternehmen\/","title":{"rendered":"Unternehmen"},"content":{"rendered":"<p>[et_pb_section fb_built=&#8220;1&#8243; next_background_color=&#8220;#ffffff&#8220; admin_label=&#8220;Hero&#8220; _builder_version=&#8220;4.27.4&#8243; use_background_color_gradient=&#8220;on&#8220; background_color_gradient_direction=&#8220;70deg&#8220; background_color_gradient_stops=&#8220;rgba(0,0,0,0.4) 0%|rgba(128,103,79,0.5) 100%&#8220; background_color_gradient_overlays_image=&#8220;on&#8220; background_color_gradient_start=&#8220;rgba(0,0,0,0.4)&#8220; background_color_gradient_end=&#8220;rgba(128,103,79,0.5)&#8220; background_image=&#8220;https:\/\/almigmedia.ellen.hostkraft.de\/wp-content\/uploads\/2024\/12\/happy-construction-workers-standing-together-factory-production-line-scaled.jpg&#8220; min_height=&#8220;922.6px&#8220; custom_margin=&#8220;-18px||40px|||&#8220; custom_padding=&#8220;6vw||540px||false|false&#8220; bottom_divider_style=&#8220;mountains2&#8243; bottom_divider_repeat=&#8220;0.5x&#8220; bottom_divider_flip=&#8220;horizontal|vertical&#8220; global_colors_info=&#8220;{}&#8220;][et_pb_row _builder_version=&#8220;4.16&#8243; custom_margin=&#8220;-40px|auto||auto||&#8220; custom_padding=&#8220;27px|0px|0|0px|false|false&#8220; global_colors_info=&#8220;{}&#8220;][et_pb_column type=&#8220;4_4&#8243; _builder_version=&#8220;4.16&#8243; custom_padding=&#8220;|||&#8220; global_colors_info=&#8220;{}&#8220; custom_padding__hover=&#8220;|||&#8220;][et_pb_text _builder_version=&#8220;4.27.4&#8243; text_font=&#8220;||||||||&#8220; header_font=&#8220;|700|||||||&#8220; header_font_size=&#8220;90px&#8220; header_line_height=&#8220;1.4em&#8220; header_2_font=&#8220;||||||||&#8220; header_2_text_color=&#8220;rgba(255,255,255,0.6)&#8220; header_2_font_size=&#8220;32px&#8220; header_2_line_height=&#8220;1.4em&#8220; background_layout=&#8220;dark&#8220; animation_style=&#8220;slide&#8220; animation_direction=&#8220;right&#8220; animation_intensity_slide=&#8220;4%&#8220; hover_enabled=&#8220;0&#8243; header_font_size_tablet=&#8220;50px&#8220; header_font_size_phone=&#8220;32px&#8220; header_font_size_last_edited=&#8220;on|desktop&#8220; header_2_font_size_tablet=&#8220;&#8220; header_2_font_size_phone=&#8220;24px&#8220; header_2_font_size_last_edited=&#8220;on|phone&#8220; global_colors_info=&#8220;{}&#8220; sticky_enabled=&#8220;0&#8243;]<\/p>\n<h1>Max M\u00fcller GmbH<\/h1>\n<h2 class=\"element-header \"><span>Ihr Partner seit 1982<br \/><\/span><\/h2>\n<p>[\/et_pb_text][\/et_pb_column][\/et_pb_row][et_pb_row _builder_version=&#8220;4.16&#8243; _module_preset=&#8220;default&#8220; global_colors_info=&#8220;{}&#8220;][et_pb_column type=&#8220;4_4&#8243; _builder_version=&#8220;4.16&#8243; _module_preset=&#8220;default&#8220; global_colors_info=&#8220;{}&#8220;][\/et_pb_column][\/et_pb_row][\/et_pb_section][et_pb_section fb_built=&#8220;1&#8243; custom_padding_last_edited=&#8220;off|desktop&#8220; admin_label=&#8220;Services&#8220; _builder_version=&#8220;4.16&#8243; custom_padding=&#8220;|||&#8220; global_colors_info=&#8220;{}&#8220;][et_pb_row _builder_version=&#8220;4.16&#8243; global_colors_info=&#8220;{}&#8220;][et_pb_column type=&#8220;4_4&#8243; _builder_version=&#8220;4.16&#8243; custom_padding=&#8220;|||&#8220; global_colors_info=&#8220;{}&#8220; custom_padding__hover=&#8220;|||&#8220;][et_pb_text _builder_version=&#8220;4.16&#8243; text_font=&#8220;||||||||&#8220; header_font=&#8220;||||||||&#8220; header_text_color=&#8220;rgba(0,0,0,0)&#8220; header_2_font=&#8220;|700|||||||&#8220; header_2_text_color=&#8220;gcid-9b0791f5-d631-4ff9-a7fc-04365493ac7d&#8220; header_2_font_size=&#8220;48px&#8220; header_2_line_height=&#8220;1.4em&#8220; header_3_font=&#8220;|700||on|||||&#8220; header_3_text_color=&#8220;rgba(43,51,68,0.2)&#8220; max_width=&#8220;700px&#8220; custom_margin=&#8220;|||&#8220; custom_padding=&#8220;|||&#8220; header_2_font_size_tablet=&#8220;&#8220; header_2_font_size_phone=&#8220;24px&#8220; header_2_font_size_last_edited=&#8220;on|phone&#8220; header_2_line_height_tablet=&#8220;1.4em&#8220; header_2_line_height_phone=&#8220;&#8220; header_2_line_height_last_edited=&#8220;on|desktop&#8220; global_colors_info=&#8220;{%22gcid-9b0791f5-d631-4ff9-a7fc-04365493ac7d%22:%91%22header_2_text_color%22%93}&#8220;]<\/p>\n<h2>Unternehmen<\/h2>\n<p>[\/et_pb_text][et_pb_text _builder_version=&#8220;4.16&#8243; text_font=&#8220;||||||||&#8220; text_font_size=&#8220;18px&#8220; text_line_height=&#8220;1.8em&#8220; header_font=&#8220;||||||||&#8220; header_2_font=&#8220;|700|||||||&#8220; header_2_text_color=&#8220;gcid-9b0791f5-d631-4ff9-a7fc-04365493ac7d&#8220; header_2_font_size=&#8220;32px&#8220; header_2_line_height=&#8220;1.5em&#8220; header_3_font=&#8220;Josefin Sans|700||on|||||&#8220; header_3_text_color=&#8220;rgba(43,51,68,0.2)&#8220; max_width=&#8220;1000px&#8220; custom_margin=&#8220;||30px|&#8220; custom_padding=&#8220;|||&#8220; locked=&#8220;off&#8220; global_colors_info=&#8220;{%22gcid-9b0791f5-d631-4ff9-a7fc-04365493ac7d%22:%91%22header_2_text_color%22%93}&#8220;]<\/p>\n<h3>Ihr Partner in der Druckluftbranche<\/h3>\n<p>Willkommen bei Max M\u00fcller GmbH, Ihrem zuverl\u00e4ssigen Experten f\u00fcr innovative Druckluftl\u00f6sungen! Seit 1982 sind wir mit Leidenschaft und Expertise f\u00fcr unsere Kunden im Dienst und haben uns als vertrauensw\u00fcrdiger Partner in der Branche etabliert.<\/p>\n<p>Mit langj\u00e4hriger Erfahrung und einem engagierten Team bieten wir ma\u00dfgeschneiderte Produkte und Dienstleistungen f\u00fcr Unternehmen unterschiedlichster Branchen. Unser Portfolio umfasst hochwertige Kompressoren, effiziente Druckluftanlagen und umfassende Wartungsservices, die Ihnen helfen, Ihre Produktionsprozesse zu optimieren.<\/p>\n<p>Wir legen gro\u00dfen Wert auf Qualit\u00e4t und Nachhaltigkeit, um Ihnen nicht nur leistungsstarke, sondern auch energieeffiziente L\u00f6sungen anzubieten. Unsere Experten beraten Sie gerne und entwickeln gemeinsam mit Ihnen individuelle Konzepte, die auf Ihre speziellen Anforderungen zugeschnitten sind.<\/p>\n<p>Vertrauen Sie auf die Max M\u00fcller GmbH \u2013 f\u00fcr zuverl\u00e4ssige Druckluftl\u00f6sungen, die Ihre Effizienz steigern und Kosten senken. Kontaktieren Sie uns noch heute und erfahren Sie, wie wir Ihnen helfen k\u00f6nnen, Ihre Druckluftsysteme auf das n\u00e4chste Level zu heben![\/et_pb_text][\/et_pb_column][\/et_pb_row][et_pb_row _builder_version=&#8220;4.16&#8243; _module_preset=&#8220;default&#8220; global_colors_info=&#8220;{}&#8220;][et_pb_column type=&#8220;4_4&#8243; _builder_version=&#8220;4.16&#8243; _module_preset=&#8220;default&#8220; global_colors_info=&#8220;{}&#8220;][et_pb_image src=&#8220;https:\/\/almigmedia.ellen.hostkraft.de\/wp-content\/uploads\/2024\/12\/max-mueller-gebaeude-scaled.jpg&#8220; title_text=&#8220;max mueller gebaeude&#8220; _builder_version=&#8220;4.27.4&#8243; _module_preset=&#8220;default&#8220; global_colors_info=&#8220;{}&#8220;][\/et_pb_image][\/et_pb_column][\/et_pb_row][et_pb_row _builder_version=&#8220;4.16&#8243; custom_padding=&#8220;30px|0px|0|0px|false|false&#8220; global_colors_info=&#8220;{}&#8220;][et_pb_column type=&#8220;4_4&#8243; _builder_version=&#8220;4.16&#8243; custom_padding=&#8220;|||&#8220; global_colors_info=&#8220;{}&#8220; custom_padding__hover=&#8220;|||&#8220;][et_pb_text _builder_version=&#8220;4.16&#8243; text_font=&#8220;||||||||&#8220; header_font=&#8220;||||||||&#8220; header_text_color=&#8220;rgba(0,0,0,0)&#8220; header_2_font=&#8220;|700|||||||&#8220; header_2_text_color=&#8220;gcid-9b0791f5-d631-4ff9-a7fc-04365493ac7d&#8220; header_2_font_size=&#8220;48px&#8220; header_2_line_height=&#8220;1.4em&#8220; header_3_font=&#8220;|700||on|||||&#8220; header_3_text_color=&#8220;rgba(43,51,68,0.2)&#8220; max_width=&#8220;700px&#8220; custom_margin=&#8220;|||&#8220; custom_padding=&#8220;|||&#8220; header_2_font_size_tablet=&#8220;&#8220; header_2_font_size_phone=&#8220;24px&#8220; header_2_font_size_last_edited=&#8220;on|phone&#8220; header_2_line_height_tablet=&#8220;1.4em&#8220; header_2_line_height_phone=&#8220;&#8220; header_2_line_height_last_edited=&#8220;on|desktop&#8220; global_colors_info=&#8220;{%22gcid-9b0791f5-d631-4ff9-a7fc-04365493ac7d%22:%91%22header_2_text_color%22%93}&#8220;]<\/p>\n<h2>Unser Team<\/h2>\n<p>[\/et_pb_text][et_pb_team_member name=&#8220;Max M\u00fcller&#8220; position=&#8220;Gesch\u00e4ftsf\u00fchrer&#8220; image_url=&#8220;https:\/\/almigmedia.ellen.hostkraft.de\/wp-content\/uploads\/2024\/12\/freepik_edit_Candid-image-photography-natural-textures-highly-r16-scaled.jpg&#8220; _builder_version=&#8220;4.27.4&#8243; _module_preset=&#8220;default&#8220; border_radii_image=&#8220;on|10px|10px|10px|10px&#8220; global_colors_info=&#8220;{}&#8220;]<\/p>\n<p>Your content goes here. Edit or remove this text inline or in the module Content settings. You can also style every aspect of this content in the module Design settings and even apply custom CSS to this text in the module Advanced settings.<\/p>\n<p>[\/et_pb_team_member][et_pb_team_member name=&#8220;Fred Flei\u00dfig&#8220; position=&#8220;Servicetechniker&#8220; image_url=&#8220;https:\/\/almigmedia.ellen.hostkraft.de\/wp-content\/uploads\/2024\/12\/freepik_edit_Candid-image-photography-natural-textures-highly-r17-scaled.jpg&#8220; _builder_version=&#8220;4.27.4&#8243; _module_preset=&#8220;default&#8220; border_radii_image=&#8220;on|10px|10px|10px|10px&#8220; global_colors_info=&#8220;{}&#8220;]<\/p>\n<p>Your content goes here. Edit or remove this text inline or in the module Content settings. You can also style every aspect of this content in the module Design settings and even apply custom CSS to this text in the module Advanced settings.<\/p>\n<p>[\/et_pb_team_member][et_pb_team_member name=&#8220;Laura Lustig&#8220; position=&#8220;Koordination\/ Buchhaltung&#8220; image_url=&#8220;https:\/\/almigmedia.ellen.hostkraft.de\/wp-content\/uploads\/2024\/12\/freepik_edit_Candid-image-photography-natural-textures-highly-r19-scaled-e1734356306526.jpg&#8220; _builder_version=&#8220;4.27.4&#8243; _module_preset=&#8220;default&#8220; border_radii_image=&#8220;on|10px|10px|10px|10px&#8220; global_colors_info=&#8220;{}&#8220;]<\/p>\n<p>Your content goes here. Edit or remove this text inline or in the module Content settings. You can also style every aspect of this content in the module Design settings and even apply custom CSS to this text in the module Advanced settings.<\/p>\n<p>[\/et_pb_team_member][\/et_pb_column][\/et_pb_row][\/et_pb_section][et_pb_section fb_built=&#8220;1&#8243; admin_label=&#8220;Footer&#8220; _builder_version=&#8220;4.16&#8243; global_colors_info=&#8220;{}&#8220;][et_pb_row column_structure=&#8220;1_3,1_3,1_3&#8243; _builder_version=&#8220;4.16&#8243; custom_padding=&#8220;|||&#8220; global_colors_info=&#8220;{}&#8220;][et_pb_column type=&#8220;1_3&#8243; _builder_version=&#8220;4.16&#8243; custom_padding=&#8220;|||&#8220; global_colors_info=&#8220;{}&#8220; custom_padding__hover=&#8220;|||&#8220;][et_pb_blurb title=&#8220;Max M\u00fcller GmbH&#8220; use_icon=&#8220;on&#8220; font_icon=&#8220;&#xe074;||divi||400&#8243; icon_color=&#8220;gcid-9b0791f5-d631-4ff9-a7fc-04365493ac7d&#8220; image_icon_width=&#8220;32px&#8220; _builder_version=&#8220;4.27.4&#8243; header_font=&#8220;|700||on|||||&#8220; header_text_align=&#8220;center&#8220; body_font=&#8220;Open Sans||||||||&#8220; body_text_align=&#8220;center&#8220; body_font_size=&#8220;18px&#8220; icon_font_size=&#8220;32px&#8220; global_colors_info=&#8220;{%22gcid-9b0791f5-d631-4ff9-a7fc-04365493ac7d%22:%91%22icon_color%22%93}&#8220;]<\/p>\n<p>Max-M\u00fcller-Stra\u00dfe 1\u00a0<br \/>73211 M\u00fcllerhausen<\/p>\n<p>[\/et_pb_blurb][\/et_pb_column][et_pb_column type=&#8220;1_3&#8243; _builder_version=&#8220;4.16&#8243; custom_padding=&#8220;|||&#8220; global_colors_info=&#8220;{}&#8220; custom_padding__hover=&#8220;|||&#8220;][et_pb_blurb title=&#8220;Rufen Sie uns an&#8220; use_icon=&#8220;on&#8220; font_icon=&#8220;&#xe090;||divi||400&#8243; icon_color=&#8220;gcid-9b0791f5-d631-4ff9-a7fc-04365493ac7d&#8220; image_icon_width=&#8220;32px&#8220; _builder_version=&#8220;4.27.4&#8243; header_font=&#8220;|700||on|||||&#8220; header_text_align=&#8220;center&#8220; body_font=&#8220;Open Sans||||||||&#8220; body_text_align=&#8220;center&#8220; body_font_size=&#8220;18px&#8220; animation_style=&#8220;fold&#8220; animation_direction=&#8220;left&#8220; animation_delay=&#8220;200ms&#8220; animation_intensity_fold=&#8220;20%&#8220; icon_font_size=&#8220;32px&#8220; global_colors_info=&#8220;{%22gcid-9b0791f5-d631-4ff9-a7fc-04365493ac7d%22:%91%22icon_color%22%93}&#8220;]<\/p>\n<p>Telefon: <a href=\"tel:+4970211111\">+49 7021 1111 \u2013 0<\/a><br \/>Telefax: <a href=\"tel:+497021111112\">+49 7021 1111 \u2013 12<\/a><\/p>\n<p>[\/et_pb_blurb][\/et_pb_column][et_pb_column type=&#8220;1_3&#8243; _builder_version=&#8220;4.16&#8243; custom_padding=&#8220;|||&#8220; global_colors_info=&#8220;{}&#8220; custom_padding__hover=&#8220;|||&#8220;][et_pb_blurb title=&#8220;E-MAIL&#8220; use_icon=&#8220;on&#8220; font_icon=&#8220;&#xe076;||divi||400&#8243; icon_color=&#8220;gcid-9b0791f5-d631-4ff9-a7fc-04365493ac7d&#8220; image_icon_width=&#8220;32px&#8220; _builder_version=&#8220;4.27.4&#8243; header_font=&#8220;|700||on|||||&#8220; header_text_align=&#8220;center&#8220; body_font=&#8220;Open Sans||||||||&#8220; body_text_align=&#8220;center&#8220; body_font_size=&#8220;18px&#8220; animation_style=&#8220;fold&#8220; animation_direction=&#8220;left&#8220; animation_delay=&#8220;200ms&#8220; animation_intensity_fold=&#8220;20%&#8220; icon_font_size=&#8220;32px&#8220; global_colors_info=&#8220;{%22gcid-9b0791f5-d631-4ff9-a7fc-04365493ac7d%22:%91%22icon_color%22%93}&#8220;]<\/p>\n<p><a href=\"mailto:info(at)maxmgmbh.de\">info(at)maxmgmbh.de<\/a><\/p>\n<p>[\/et_pb_blurb][\/et_pb_column][\/et_pb_row][\/et_pb_section]<\/p>\n","protected":false},"excerpt":{"rendered":"<p>Max M\u00fcller GmbH Ihr Partner seit 1982UnternehmenIhr Partner in der Druckluftbranche Willkommen bei Max M\u00fcller GmbH, Ihrem zuverl\u00e4ssigen Experten f\u00fcr innovative Druckluftl\u00f6sungen! Seit 1982 sind wir mit Leidenschaft und Expertise f\u00fcr unsere Kunden im Dienst und haben uns als vertrauensw\u00fcrdiger Partner in der Branche etabliert. Mit langj\u00e4hriger Erfahrung und einem engagierten Team bieten wir ma\u00dfgeschneiderte [&hellip;]<\/p>\n","protected":false},"author":1,"featured_media":0,"parent":0,"menu_order":0,"comment_status":"closed","ping_status":"closed","template":"","meta":{"_et_pb_use_builder":"on","_et_pb_old_content":"<!-- wp:divi\/placeholder \/-->","_et_gb_content_width":"","footnotes":""},"class_list":["post-58","page","type-page","status-publish","hentry"],"_links":{"self":[{"href":"https:\/\/almigmedia.ellen.hostkraft.de\/index.php\/wp-json\/wp\/v2\/pages\/58","targetHints":{"allow":["GET"]}}],"collection":[{"href":"https:\/\/almigmedia.ellen.hostkraft.de\/index.php\/wp-json\/wp\/v2\/pages"}],"about":[{"href":"https:\/\/almigmedia.ellen.hostkraft.de\/index.php\/wp-json\/wp\/v2\/types\/page"}],"author":[{"embeddable":true,"href":"https:\/\/almigmedia.ellen.hostkraft.de\/index.php\/wp-json\/wp\/v2\/users\/1"}],"replies":[{"embeddable":true,"href":"https:\/\/almigmedia.ellen.hostkraft.de\/index.php\/wp-json\/wp\/v2\/comments?post=58"}],"version-history":[{"count":12,"href":"https:\/\/almigmedia.ellen.hostkraft.de\/index.php\/wp-json\/wp\/v2\/pages\/58\/revisions"}],"predecessor-version":[{"id":486,"href":"https:\/\/almigmedia.ellen.hostkraft.de\/index.php\/wp-json\/wp\/v2\/pages\/58\/revisions\/486"}],"wp:attachment":[{"href":"https:\/\/almigmedia.ellen.hostkraft.de\/index.php\/wp-json\/wp\/v2\/media?parent=58"}],"curies":[{"name":"wp","href":"https:\/\/api.w.org\/{rel}","templated":true}]}}