{"id":60,"date":"2024-10-28T14:09:09","date_gmt":"2024-10-28T14:09:09","guid":{"rendered":"https:\/\/almigmedia.ellen.hostkraft.de\/?page_id=60"},"modified":"2025-02-26T12:05:56","modified_gmt":"2025-02-26T12:05:56","slug":"impressum","status":"publish","type":"page","link":"https:\/\/almigmedia.ellen.hostkraft.de\/index.php\/impressum\/","title":{"rendered":"Impressum"},"content":{"rendered":"<p>[et_pb_section fb_built=&#8220;1&#8243; custom_padding_last_edited=&#8220;off|desktop&#8220; admin_label=&#8220;Services&#8220; _builder_version=&#8220;4.16&#8243; custom_padding=&#8220;|||&#8220; global_colors_info=&#8220;{}&#8220; theme_builder_area=&#8220;post_content&#8220;][et_pb_row _builder_version=&#8220;4.16&#8243; global_colors_info=&#8220;{}&#8220; theme_builder_area=&#8220;post_content&#8220;][et_pb_column type=&#8220;4_4&#8243; _builder_version=&#8220;4.16&#8243; custom_padding=&#8220;|||&#8220; global_colors_info=&#8220;{}&#8220; custom_padding__hover=&#8220;|||&#8220; theme_builder_area=&#8220;post_content&#8220;][et_pb_text _builder_version=&#8220;4.16&#8243; text_font=&#8220;||||||||&#8220; header_font=&#8220;||||||||&#8220; header_text_color=&#8220;rgba(0,0,0,0)&#8220; header_2_font=&#8220;|700|||||||&#8220; header_2_text_color=&#8220;gcid-9b0791f5-d631-4ff9-a7fc-04365493ac7d&#8220; header_2_font_size=&#8220;48px&#8220; header_2_line_height=&#8220;1.4em&#8220; header_3_font=&#8220;|700||on|||||&#8220; header_3_text_color=&#8220;rgba(43,51,68,0.2)&#8220; max_width=&#8220;700px&#8220; custom_margin=&#8220;|||&#8220; custom_padding=&#8220;|||&#8220; header_2_font_size_tablet=&#8220;&#8220; header_2_font_size_phone=&#8220;24px&#8220; header_2_font_size_last_edited=&#8220;on|phone&#8220; header_2_line_height_tablet=&#8220;1.4em&#8220; header_2_line_height_phone=&#8220;&#8220; header_2_line_height_last_edited=&#8220;on|desktop&#8220; global_colors_info=&#8220;{%22gcid-9b0791f5-d631-4ff9-a7fc-04365493ac7d%22:%91%22header_2_text_color%22%93}&#8220; theme_builder_area=&#8220;post_content&#8220;]<\/p>\n<h2>Impressum<\/h2>\n<p>[\/et_pb_text][et_pb_text _builder_version=&#8220;4.16&#8243; text_font=&#8220;||||||||&#8220; text_font_size=&#8220;18px&#8220; text_line_height=&#8220;1.8em&#8220; header_font=&#8220;||||||||&#8220; header_2_font=&#8220;|700|||||||&#8220; header_2_text_color=&#8220;gcid-9b0791f5-d631-4ff9-a7fc-04365493ac7d&#8220; header_2_font_size=&#8220;32px&#8220; header_2_line_height=&#8220;1.5em&#8220; header_3_font=&#8220;Josefin Sans|700||on|||||&#8220; header_3_text_color=&#8220;rgba(43,51,68,0.2)&#8220; max_width=&#8220;1000px&#8220; custom_margin=&#8220;||30px|&#8220; custom_padding=&#8220;|||&#8220; locked=&#8220;off&#8220; global_colors_info=&#8220;{%22gcid-9b0791f5-d631-4ff9-a7fc-04365493ac7d%22:%91%22header_2_text_color%22%93}&#8220; theme_builder_area=&#8220;post_content&#8220;]<\/p>\n<p>ALMiG Kompressoren GmbH<br \/>Adolf-Ehmann-Stra\u00dfe 2<br \/>73257 K\u00f6ngen<\/p>\n<p>Vertreten durch Herr Viktor Weber<\/p>\n<p>Kontakt<br \/>Telefon: +49 (0)7024 96140<br \/>Telefax: +49 (0)70249614106<br \/>E-Mail: info(at)almig.de<\/p>\n<p>Registereintrag<\/p>\n<p>Registergericht: Amtsgericht Stuttgart<br \/>Registernummer: HRB 723526<\/p>\n<p>Umsatzsteuer-Identifikationsnummer gem\u00e4\u00df \u00a727 a Umsatzsteuergesetz DE 814850440<\/p>\n<p>Verantwortlich f\u00fcr den Inhalt nach \u00a7 55 Abs. 2 RStV<\/p>\n<p>Viktor Weber<br \/>Adolf-Ehmann-Str. 2<br \/>73257 K\u00f6ngen<\/p>\n<p>[\/et_pb_text][\/et_pb_column][\/et_pb_row][\/et_pb_section][et_pb_section fb_built=&#8220;1&#8243; admin_label=&#8220;Footer&#8220; _builder_version=&#8220;4.16&#8243; global_colors_info=&#8220;{}&#8220; theme_builder_area=&#8220;post_content&#8220;][et_pb_row column_structure=&#8220;1_3,1_3,1_3&#8243; _builder_version=&#8220;4.16&#8243; custom_padding=&#8220;|||&#8220; global_colors_info=&#8220;{}&#8220; theme_builder_area=&#8220;post_content&#8220;][et_pb_column type=&#8220;1_3&#8243; _builder_version=&#8220;4.16&#8243; custom_padding=&#8220;|||&#8220; global_colors_info=&#8220;{}&#8220; custom_padding__hover=&#8220;|||&#8220; theme_builder_area=&#8220;post_content&#8220;][et_pb_blurb title=&#8220;Max M\u00fcller GmbH&#8220; use_icon=&#8220;on&#8220; font_icon=&#8220;&#xe074;||divi||400&#8243; icon_color=&#8220;gcid-9b0791f5-d631-4ff9-a7fc-04365493ac7d&#8220; image_icon_width=&#8220;32px&#8220; _builder_version=&#8220;4.27.4&#8243; header_font=&#8220;|700||on|||||&#8220; header_text_align=&#8220;center&#8220; body_font=&#8220;Open Sans||||||||&#8220; body_text_align=&#8220;center&#8220; body_font_size=&#8220;18px&#8220; icon_font_size=&#8220;32px&#8220; global_colors_info=&#8220;{%22gcid-9b0791f5-d631-4ff9-a7fc-04365493ac7d%22:%91%22icon_color%22%93}&#8220; theme_builder_area=&#8220;post_content&#8220;]<\/p>\n<p>Max-M\u00fcller-Stra\u00dfe 1\u00a0<br \/>73211 M\u00fcllerhausen<\/p>\n<p>[\/et_pb_blurb][\/et_pb_column][et_pb_column type=&#8220;1_3&#8243; _builder_version=&#8220;4.16&#8243; custom_padding=&#8220;|||&#8220; global_colors_info=&#8220;{}&#8220; custom_padding__hover=&#8220;|||&#8220; theme_builder_area=&#8220;post_content&#8220;][et_pb_blurb title=&#8220;Rufen Sie uns an&#8220; use_icon=&#8220;on&#8220; font_icon=&#8220;&#xe090;||divi||400&#8243; icon_color=&#8220;gcid-9b0791f5-d631-4ff9-a7fc-04365493ac7d&#8220; image_icon_width=&#8220;32px&#8220; _builder_version=&#8220;4.27.4&#8243; header_font=&#8220;|700||on|||||&#8220; header_text_align=&#8220;center&#8220; body_font=&#8220;Open Sans||||||||&#8220; body_text_align=&#8220;center&#8220; body_font_size=&#8220;18px&#8220; animation_style=&#8220;fold&#8220; animation_direction=&#8220;left&#8220; animation_delay=&#8220;200ms&#8220; animation_intensity_fold=&#8220;20%&#8220; icon_font_size=&#8220;32px&#8220; global_colors_info=&#8220;{%22gcid-9b0791f5-d631-4ff9-a7fc-04365493ac7d%22:%91%22icon_color%22%93}&#8220; theme_builder_area=&#8220;post_content&#8220;]<\/p>\n<p>Telefon: <a href=\"tel:+4970211111\">+49 7021 1111 \u2013 0<\/a><br \/>Telefax: <a href=\"tel:+497021111112\">+49 7021 1111 \u2013 12<\/a><\/p>\n<p>[\/et_pb_blurb][\/et_pb_column][et_pb_column type=&#8220;1_3&#8243; _builder_version=&#8220;4.16&#8243; custom_padding=&#8220;|||&#8220; global_colors_info=&#8220;{}&#8220; custom_padding__hover=&#8220;|||&#8220; theme_builder_area=&#8220;post_content&#8220;][et_pb_blurb title=&#8220;E-MAIL&#8220; use_icon=&#8220;on&#8220; font_icon=&#8220;&#xe076;||divi||400&#8243; icon_color=&#8220;gcid-9b0791f5-d631-4ff9-a7fc-04365493ac7d&#8220; image_icon_width=&#8220;32px&#8220; _builder_version=&#8220;4.27.4&#8243; header_font=&#8220;|700||on|||||&#8220; header_text_align=&#8220;center&#8220; body_font=&#8220;Open Sans||||||||&#8220; body_text_align=&#8220;center&#8220; body_font_size=&#8220;18px&#8220; animation_style=&#8220;fold&#8220; animation_direction=&#8220;left&#8220; animation_delay=&#8220;200ms&#8220; animation_intensity_fold=&#8220;20%&#8220; icon_font_size=&#8220;32px&#8220; global_colors_info=&#8220;{%22gcid-9b0791f5-d631-4ff9-a7fc-04365493ac7d%22:%91%22icon_color%22%93}&#8220; theme_builder_area=&#8220;post_content&#8220;]<\/p>\n<p><a href=\"mailto:info(at)maxmgmbh.de\">info(at)maxmgmbh.de<\/a><\/p>\n<p>[\/et_pb_blurb][\/et_pb_column][\/et_pb_row][\/et_pb_section]<\/p>\n","protected":false},"excerpt":{"rendered":"<p>ImpressumALMiG Kompressoren GmbHAdolf-Ehmann-Stra\u00dfe 273257 K\u00f6ngen Vertreten durch Herr Viktor Weber KontaktTelefon: +49 (0)7024 96140Telefax: +49 (0)70249614106E-Mail: info(at)almig.de Registereintrag Registergericht: Amtsgericht StuttgartRegisternummer: HRB 723526 Umsatzsteuer-Identifikationsnummer gem\u00e4\u00df \u00a727 a Umsatzsteuergesetz DE 814850440 Verantwortlich f\u00fcr den Inhalt nach \u00a7 55 Abs. 2 RStV Viktor WeberAdolf-Ehmann-Str. 273257 K\u00f6ngenMax-M\u00fcller-Stra\u00dfe 1\u00a073211 M\u00fcllerhausenTelefon: +49 7021 1111 \u2013 0Telefax: +49 7021 1111 \u2013 [&hellip;]<\/p>\n","protected":false},"author":1,"featured_media":0,"parent":0,"menu_order":0,"comment_status":"closed","ping_status":"closed","template":"","meta":{"_et_pb_use_builder":"on","_et_pb_old_content":"","_et_gb_content_width":"","footnotes":""},"class_list":["post-60","page","type-page","status-publish","hentry"],"_links":{"self":[{"href":"https:\/\/almigmedia.ellen.hostkraft.de\/index.php\/wp-json\/wp\/v2\/pages\/60","targetHints":{"allow":["GET"]}}],"collection":[{"href":"https:\/\/almigmedia.ellen.hostkraft.de\/index.php\/wp-json\/wp\/v2\/pages"}],"about":[{"href":"https:\/\/almigmedia.ellen.hostkraft.de\/index.php\/wp-json\/wp\/v2\/types\/page"}],"author":[{"embeddable":true,"href":"https:\/\/almigmedia.ellen.hostkraft.de\/index.php\/wp-json\/wp\/v2\/users\/1"}],"replies":[{"embeddable":true,"href":"https:\/\/almigmedia.ellen.hostkraft.de\/index.php\/wp-json\/wp\/v2\/comments?post=60"}],"version-history":[{"count":4,"href":"https:\/\/almigmedia.ellen.hostkraft.de\/index.php\/wp-json\/wp\/v2\/pages\/60\/revisions"}],"predecessor-version":[{"id":485,"href":"https:\/\/almigmedia.ellen.hostkraft.de\/index.php\/wp-json\/wp\/v2\/pages\/60\/revisions\/485"}],"wp:attachment":[{"href":"https:\/\/almigmedia.ellen.hostkraft.de\/index.php\/wp-json\/wp\/v2\/media?parent=60"}],"curies":[{"name":"wp","href":"https:\/\/api.w.org\/{rel}","templated":true}]}}